{"id":25,"date":"2023-01-03T10:56:13","date_gmt":"2023-01-03T08:56:13","guid":{"rendered":"http:\/\/orthodose.com\/?page_id=25"},"modified":"2023-04-14T22:19:25","modified_gmt":"2023-04-14T20:19:25","slug":"a-propos","status":"publish","type":"page","link":"https:\/\/orthodose.com\/fr\/a-propos\/","title":{"rendered":"\u00c0 propos"},"content":{"rendered":"","protected":false},"excerpt":{"rendered":"","protected":false},"author":1,"featured_media":0,"parent":0,"menu_order":3,"comment_status":"closed","ping_status":"closed","template":"a-propos.blade.php","meta":{"_acf_changed":false,"inline_featured_image":false,"footnotes":""},"class_list":["post-25","page","type-page","status-publish","hentry"],"acf":[],"yoast_head":"<!-- This site is optimized with the Yoast SEO plugin v27.5 - https:\/\/yoast.com\/product\/yoast-seo-wordpress\/ -->\n<title>\u00c0 propos -Orthodose<\/title>\n<meta name=\"description\" content=\"Orthodose\u00ae est une initiative n\u00e9e en 2010 par MedLight, une entreprise sp\u00e9cialis\u00e9e dans la conception et la cr\u00e9ation de nouvelles applications, en particulier dans le domaine des soins de sant\u00e9.\" \/>\n<meta name=\"robots\" content=\"index, follow, max-snippet:-1, max-image-preview:large, max-video-preview:-1\" \/>\n<link rel=\"canonical\" href=\"https:\/\/orthodose.com\/fr\/a-propos\/\" \/>\n<meta property=\"og:locale\" content=\"fr_FR\" \/>\n<meta property=\"og:type\" content=\"article\" \/>\n<meta property=\"og:title\" content=\"\u00c0 propos -Orthodose\" \/>\n<meta property=\"og:description\" content=\"Orthodose\u00ae est une initiative n\u00e9e en 2010 par MedLight, une entreprise sp\u00e9cialis\u00e9e dans la conception et la cr\u00e9ation de nouvelles applications, en particulier dans le domaine des soins de sant\u00e9.\" \/>\n<meta property=\"og:url\" content=\"https:\/\/orthodose.com\/fr\/a-propos\/\" \/>\n<meta property=\"og:site_name\" content=\"Orthodose\" \/>\n<meta property=\"article:modified_time\" content=\"2023-04-14T20:19:25+00:00\" \/>\n<meta property=\"og:image\" content=\"https:\/\/orthodose.com\/app\/uploads\/orthodose-app-tool-for-healthcare-professionals.webp\" \/>\n\t<meta property=\"og:image:width\" content=\"1600\" \/>\n\t<meta property=\"og:image:height\" content=\"1960\" \/>\n\t<meta property=\"og:image:type\" content=\"image\/webp\" \/>\n<meta name=\"twitter:card\" content=\"summary_large_image\" \/>\n<script type=\"application\/ld+json\" class=\"yoast-schema-graph\">{\"@context\":\"https:\\\/\\\/schema.org\",\"@graph\":[{\"@type\":\"WebPage\",\"@id\":\"https:\\\/\\\/orthodose.com\\\/fr\\\/a-propos\\\/\",\"url\":\"https:\\\/\\\/orthodose.com\\\/fr\\\/a-propos\\\/\",\"name\":\"\u00c0 propos -Orthodose\",\"isPartOf\":{\"@id\":\"https:\\\/\\\/orthodose.com\\\/fr\\\/#website\"},\"datePublished\":\"2023-01-03T08:56:13+00:00\",\"dateModified\":\"2023-04-14T20:19:25+00:00\",\"description\":\"Orthodose\u00ae est une initiative n\u00e9e en 2010 par MedLight, une entreprise sp\u00e9cialis\u00e9e dans la conception et la cr\u00e9ation de nouvelles applications, en particulier dans le domaine des soins de sant\u00e9.\",\"breadcrumb\":{\"@id\":\"https:\\\/\\\/orthodose.com\\\/fr\\\/a-propos\\\/#breadcrumb\"},\"inLanguage\":\"fr-FR\",\"potentialAction\":[{\"@type\":\"ReadAction\",\"target\":[\"https:\\\/\\\/orthodose.com\\\/fr\\\/a-propos\\\/\"]}]},{\"@type\":\"BreadcrumbList\",\"@id\":\"https:\\\/\\\/orthodose.com\\\/fr\\\/a-propos\\\/#breadcrumb\",\"itemListElement\":[{\"@type\":\"ListItem\",\"position\":1,\"name\":\"Accueil\",\"item\":\"https:\\\/\\\/orthodose.com\\\/fr\\\/\"},{\"@type\":\"ListItem\",\"position\":2,\"name\":\"\u00c0 propos\"}]},{\"@type\":\"WebSite\",\"@id\":\"https:\\\/\\\/orthodose.com\\\/fr\\\/#website\",\"url\":\"https:\\\/\\\/orthodose.com\\\/fr\\\/\",\"name\":\"Orthodose\",\"description\":\"L\u2019application Orthodose\u00ae propose aux m\u00e9decins g\u00e9n\u00e9ralistes et sp\u00e9cialistes une aide concr\u00e8te pour g\u00e9rer au mieux la douleur chez leur patient palliatif.\",\"alternateName\":\"Orthodose app\",\"potentialAction\":[{\"@type\":\"SearchAction\",\"target\":{\"@type\":\"EntryPoint\",\"urlTemplate\":\"https:\\\/\\\/orthodose.com\\\/fr\\\/?s={search_term_string}\"},\"query-input\":{\"@type\":\"PropertyValueSpecification\",\"valueRequired\":true,\"valueName\":\"search_term_string\"}}],\"inLanguage\":\"fr-FR\"}]}<\/script>\n<!-- \/ Yoast SEO plugin. -->","yoast_head_json":{"title":"\u00c0 propos -Orthodose","description":"Orthodose\u00ae est une initiative n\u00e9e en 2010 par MedLight, une entreprise sp\u00e9cialis\u00e9e dans la conception et la cr\u00e9ation de nouvelles applications, en particulier dans le domaine des soins de sant\u00e9.","robots":{"index":"index","follow":"follow","max-snippet":"max-snippet:-1","max-image-preview":"max-image-preview:large","max-video-preview":"max-video-preview:-1"},"canonical":"https:\/\/orthodose.com\/fr\/a-propos\/","og_locale":"fr_FR","og_type":"article","og_title":"\u00c0 propos -Orthodose","og_description":"Orthodose\u00ae est une initiative n\u00e9e en 2010 par MedLight, une entreprise sp\u00e9cialis\u00e9e dans la conception et la cr\u00e9ation de nouvelles applications, en particulier dans le domaine des soins de sant\u00e9.","og_url":"https:\/\/orthodose.com\/fr\/a-propos\/","og_site_name":"Orthodose","article_modified_time":"2023-04-14T20:19:25+00:00","og_image":[{"width":1600,"height":1960,"url":"https:\/\/orthodose.com\/app\/uploads\/orthodose-app-tool-for-healthcare-professionals.webp","type":"image\/webp"}],"twitter_card":"summary_large_image","schema":{"@context":"https:\/\/schema.org","@graph":[{"@type":"WebPage","@id":"https:\/\/orthodose.com\/fr\/a-propos\/","url":"https:\/\/orthodose.com\/fr\/a-propos\/","name":"\u00c0 propos -Orthodose","isPartOf":{"@id":"https:\/\/orthodose.com\/fr\/#website"},"datePublished":"2023-01-03T08:56:13+00:00","dateModified":"2023-04-14T20:19:25+00:00","description":"Orthodose\u00ae est une initiative n\u00e9e en 2010 par MedLight, une entreprise sp\u00e9cialis\u00e9e dans la conception et la cr\u00e9ation de nouvelles applications, en particulier dans le domaine des soins de sant\u00e9.","breadcrumb":{"@id":"https:\/\/orthodose.com\/fr\/a-propos\/#breadcrumb"},"inLanguage":"fr-FR","potentialAction":[{"@type":"ReadAction","target":["https:\/\/orthodose.com\/fr\/a-propos\/"]}]},{"@type":"BreadcrumbList","@id":"https:\/\/orthodose.com\/fr\/a-propos\/#breadcrumb","itemListElement":[{"@type":"ListItem","position":1,"name":"Accueil","item":"https:\/\/orthodose.com\/fr\/"},{"@type":"ListItem","position":2,"name":"\u00c0 propos"}]},{"@type":"WebSite","@id":"https:\/\/orthodose.com\/fr\/#website","url":"https:\/\/orthodose.com\/fr\/","name":"Orthodose","description":"L\u2019application Orthodose\u00ae propose aux m\u00e9decins g\u00e9n\u00e9ralistes et sp\u00e9cialistes une aide concr\u00e8te pour g\u00e9rer au mieux la douleur chez leur patient palliatif.","alternateName":"Orthodose app","potentialAction":[{"@type":"SearchAction","target":{"@type":"EntryPoint","urlTemplate":"https:\/\/orthodose.com\/fr\/?s={search_term_string}"},"query-input":{"@type":"PropertyValueSpecification","valueRequired":true,"valueName":"search_term_string"}}],"inLanguage":"fr-FR"}]}},"_links":{"self":[{"href":"https:\/\/orthodose.com\/fr\/wp-json\/wp\/v2\/pages\/25","targetHints":{"allow":["GET"]}}],"collection":[{"href":"https:\/\/orthodose.com\/fr\/wp-json\/wp\/v2\/pages"}],"about":[{"href":"https:\/\/orthodose.com\/fr\/wp-json\/wp\/v2\/types\/page"}],"author":[{"embeddable":true,"href":"https:\/\/orthodose.com\/fr\/wp-json\/wp\/v2\/users\/1"}],"replies":[{"embeddable":true,"href":"https:\/\/orthodose.com\/fr\/wp-json\/wp\/v2\/comments?post=25"}],"version-history":[{"count":0,"href":"https:\/\/orthodose.com\/fr\/wp-json\/wp\/v2\/pages\/25\/revisions"}],"wp:attachment":[{"href":"https:\/\/orthodose.com\/fr\/wp-json\/wp\/v2\/media?parent=25"}],"curies":[{"name":"wp","href":"https:\/\/api.w.org\/{rel}","templated":true}]}}