{"id":31,"date":"2023-01-03T10:59:33","date_gmt":"2023-01-03T08:59:33","guid":{"rendered":"http:\/\/orthodose.com\/?page_id=31"},"modified":"2024-04-26T12:33:02","modified_gmt":"2024-04-26T10:33:02","slug":"legal","status":"publish","type":"page","link":"https:\/\/orthodose.com\/fr\/legal\/","title":{"rendered":"Legal"},"content":{"rendered":"<p>Lorem ipsum<\/p>\n","protected":false},"excerpt":{"rendered":"<p>Lorem ipsum<\/p>\n","protected":false},"author":1,"featured_media":0,"parent":0,"menu_order":6,"comment_status":"closed","ping_status":"closed","template":"legal.blade.php","meta":{"_acf_changed":false,"inline_featured_image":false,"footnotes":""},"class_list":["post-31","page","type-page","status-publish","hentry"],"acf":[],"yoast_head":"<!-- This site is optimized with the Yoast SEO plugin v27.5 - https:\/\/yoast.com\/product\/yoast-seo-wordpress\/ -->\n<title>Legal - Orthodose<\/title>\n<meta name=\"robots\" content=\"noindex, follow\" \/>\n<meta property=\"og:locale\" content=\"fr_FR\" \/>\n<meta property=\"og:type\" content=\"article\" \/>\n<meta property=\"og:title\" content=\"Legal - Orthodose\" \/>\n<meta property=\"og:description\" content=\"Lorem ipsum\" \/>\n<meta property=\"og:url\" content=\"https:\/\/orthodose.com\/fr\/legal\/\" \/>\n<meta property=\"og:site_name\" content=\"Orthodose\" \/>\n<meta property=\"article:modified_time\" content=\"2024-04-26T10:33:02+00:00\" \/>\n<meta property=\"og:image\" content=\"https:\/\/orthodose.com\/app\/uploads\/orthodose-app-tool-for-healthcare-professionals.webp\" \/>\n\t<meta property=\"og:image:width\" content=\"1600\" \/>\n\t<meta property=\"og:image:height\" content=\"1960\" \/>\n\t<meta property=\"og:image:type\" content=\"image\/webp\" \/>\n<meta name=\"twitter:card\" content=\"summary_large_image\" \/>\n<meta name=\"twitter:label1\" content=\"Dur\u00e9e de lecture estim\u00e9e\" \/>\n\t<meta name=\"twitter:data1\" content=\"1 minute\" \/>\n<script type=\"application\/ld+json\" class=\"yoast-schema-graph\">{\"@context\":\"https:\\\/\\\/schema.org\",\"@graph\":[{\"@type\":\"WebPage\",\"@id\":\"https:\\\/\\\/orthodose.com\\\/fr\\\/legal\\\/\",\"url\":\"https:\\\/\\\/orthodose.com\\\/fr\\\/legal\\\/\",\"name\":\"Legal - Orthodose\",\"isPartOf\":{\"@id\":\"https:\\\/\\\/orthodose.com\\\/fr\\\/#website\"},\"datePublished\":\"2023-01-03T08:59:33+00:00\",\"dateModified\":\"2024-04-26T10:33:02+00:00\",\"breadcrumb\":{\"@id\":\"https:\\\/\\\/orthodose.com\\\/fr\\\/legal\\\/#breadcrumb\"},\"inLanguage\":\"fr-FR\",\"potentialAction\":[{\"@type\":\"ReadAction\",\"target\":[\"https:\\\/\\\/orthodose.com\\\/fr\\\/legal\\\/\"]}]},{\"@type\":\"BreadcrumbList\",\"@id\":\"https:\\\/\\\/orthodose.com\\\/fr\\\/legal\\\/#breadcrumb\",\"itemListElement\":[{\"@type\":\"ListItem\",\"position\":1,\"name\":\"Accueil\",\"item\":\"https:\\\/\\\/orthodose.com\\\/fr\\\/\"},{\"@type\":\"ListItem\",\"position\":2,\"name\":\"Legal\"}]},{\"@type\":\"WebSite\",\"@id\":\"https:\\\/\\\/orthodose.com\\\/fr\\\/#website\",\"url\":\"https:\\\/\\\/orthodose.com\\\/fr\\\/\",\"name\":\"Orthodose\",\"description\":\"L\u2019application Orthodose\u00ae propose aux m\u00e9decins g\u00e9n\u00e9ralistes et sp\u00e9cialistes une aide concr\u00e8te pour g\u00e9rer au mieux la douleur chez leur patient palliatif.\",\"alternateName\":\"Orthodose app\",\"potentialAction\":[{\"@type\":\"SearchAction\",\"target\":{\"@type\":\"EntryPoint\",\"urlTemplate\":\"https:\\\/\\\/orthodose.com\\\/fr\\\/?s={search_term_string}\"},\"query-input\":{\"@type\":\"PropertyValueSpecification\",\"valueRequired\":true,\"valueName\":\"search_term_string\"}}],\"inLanguage\":\"fr-FR\"}]}<\/script>\n<!-- \/ Yoast SEO plugin. -->","yoast_head_json":{"title":"Legal - Orthodose","robots":{"index":"noindex","follow":"follow"},"og_locale":"fr_FR","og_type":"article","og_title":"Legal - Orthodose","og_description":"Lorem ipsum","og_url":"https:\/\/orthodose.com\/fr\/legal\/","og_site_name":"Orthodose","article_modified_time":"2024-04-26T10:33:02+00:00","og_image":[{"width":1600,"height":1960,"url":"https:\/\/orthodose.com\/app\/uploads\/orthodose-app-tool-for-healthcare-professionals.webp","type":"image\/webp"}],"twitter_card":"summary_large_image","twitter_misc":{"Dur\u00e9e de lecture estim\u00e9e":"1 minute"},"schema":{"@context":"https:\/\/schema.org","@graph":[{"@type":"WebPage","@id":"https:\/\/orthodose.com\/fr\/legal\/","url":"https:\/\/orthodose.com\/fr\/legal\/","name":"Legal - Orthodose","isPartOf":{"@id":"https:\/\/orthodose.com\/fr\/#website"},"datePublished":"2023-01-03T08:59:33+00:00","dateModified":"2024-04-26T10:33:02+00:00","breadcrumb":{"@id":"https:\/\/orthodose.com\/fr\/legal\/#breadcrumb"},"inLanguage":"fr-FR","potentialAction":[{"@type":"ReadAction","target":["https:\/\/orthodose.com\/fr\/legal\/"]}]},{"@type":"BreadcrumbList","@id":"https:\/\/orthodose.com\/fr\/legal\/#breadcrumb","itemListElement":[{"@type":"ListItem","position":1,"name":"Accueil","item":"https:\/\/orthodose.com\/fr\/"},{"@type":"ListItem","position":2,"name":"Legal"}]},{"@type":"WebSite","@id":"https:\/\/orthodose.com\/fr\/#website","url":"https:\/\/orthodose.com\/fr\/","name":"Orthodose","description":"L\u2019application Orthodose\u00ae propose aux m\u00e9decins g\u00e9n\u00e9ralistes et sp\u00e9cialistes une aide concr\u00e8te pour g\u00e9rer au mieux la douleur chez leur patient palliatif.","alternateName":"Orthodose app","potentialAction":[{"@type":"SearchAction","target":{"@type":"EntryPoint","urlTemplate":"https:\/\/orthodose.com\/fr\/?s={search_term_string}"},"query-input":{"@type":"PropertyValueSpecification","valueRequired":true,"valueName":"search_term_string"}}],"inLanguage":"fr-FR"}]}},"_links":{"self":[{"href":"https:\/\/orthodose.com\/fr\/wp-json\/wp\/v2\/pages\/31","targetHints":{"allow":["GET"]}}],"collection":[{"href":"https:\/\/orthodose.com\/fr\/wp-json\/wp\/v2\/pages"}],"about":[{"href":"https:\/\/orthodose.com\/fr\/wp-json\/wp\/v2\/types\/page"}],"author":[{"embeddable":true,"href":"https:\/\/orthodose.com\/fr\/wp-json\/wp\/v2\/users\/1"}],"replies":[{"embeddable":true,"href":"https:\/\/orthodose.com\/fr\/wp-json\/wp\/v2\/comments?post=31"}],"version-history":[{"count":0,"href":"https:\/\/orthodose.com\/fr\/wp-json\/wp\/v2\/pages\/31\/revisions"}],"wp:attachment":[{"href":"https:\/\/orthodose.com\/fr\/wp-json\/wp\/v2\/media?parent=31"}],"curies":[{"name":"wp","href":"https:\/\/api.w.org\/{rel}","templated":true}]}}