{"id":753,"date":"2024-04-08T10:01:32","date_gmt":"2024-04-08T08:01:32","guid":{"rendered":"http:\/\/orthodose.com\/quality\/"},"modified":"2025-12-24T15:57:44","modified_gmt":"2025-12-24T13:57:44","slug":"qualite","status":"publish","type":"page","link":"https:\/\/orthodose.com\/fr\/qualite\/","title":{"rendered":"Qualit\u00e9"},"content":{"rendered":"","protected":false},"excerpt":{"rendered":"","protected":false},"author":7,"featured_media":0,"parent":0,"menu_order":7,"comment_status":"closed","ping_status":"closed","template":"quality.blade.php","meta":{"_acf_changed":false,"inline_featured_image":false,"footnotes":""},"class_list":["post-753","page","type-page","status-publish","hentry"],"acf":[],"yoast_head":"<!-- This site is optimized with the Yoast SEO plugin v27.5 - https:\/\/yoast.com\/product\/yoast-seo-wordpress\/ -->\n<title>Qualit\u00e9 - Orthodose<\/title>\n<meta name=\"robots\" content=\"index, follow, max-snippet:-1, max-image-preview:large, max-video-preview:-1\" \/>\n<link rel=\"canonical\" href=\"https:\/\/orthodose.com\/fr\/qualite\/\" \/>\n<meta property=\"og:locale\" content=\"fr_FR\" \/>\n<meta property=\"og:type\" content=\"article\" \/>\n<meta property=\"og:title\" content=\"Qualit\u00e9 - Orthodose\" \/>\n<meta property=\"og:url\" content=\"https:\/\/orthodose.com\/fr\/qualite\/\" \/>\n<meta property=\"og:site_name\" content=\"Orthodose\" \/>\n<meta property=\"article:modified_time\" content=\"2025-12-24T13:57:44+00:00\" \/>\n<meta property=\"og:image\" content=\"https:\/\/orthodose.com\/app\/uploads\/orthodose-app-tool-for-healthcare-professionals.webp\" \/>\n\t<meta property=\"og:image:width\" content=\"1600\" \/>\n\t<meta property=\"og:image:height\" content=\"1960\" \/>\n\t<meta property=\"og:image:type\" content=\"image\/webp\" \/>\n<meta name=\"twitter:card\" content=\"summary_large_image\" \/>\n<script type=\"application\/ld+json\" class=\"yoast-schema-graph\">{\"@context\":\"https:\\\/\\\/schema.org\",\"@graph\":[{\"@type\":\"WebPage\",\"@id\":\"https:\\\/\\\/orthodose.com\\\/fr\\\/qualite\\\/\",\"url\":\"https:\\\/\\\/orthodose.com\\\/fr\\\/qualite\\\/\",\"name\":\"Qualit\u00e9 - Orthodose\",\"isPartOf\":{\"@id\":\"https:\\\/\\\/orthodose.com\\\/fr\\\/#website\"},\"datePublished\":\"2024-04-08T08:01:32+00:00\",\"dateModified\":\"2025-12-24T13:57:44+00:00\",\"breadcrumb\":{\"@id\":\"https:\\\/\\\/orthodose.com\\\/fr\\\/qualite\\\/#breadcrumb\"},\"inLanguage\":\"fr-FR\",\"potentialAction\":[{\"@type\":\"ReadAction\",\"target\":[\"https:\\\/\\\/orthodose.com\\\/fr\\\/qualite\\\/\"]}]},{\"@type\":\"BreadcrumbList\",\"@id\":\"https:\\\/\\\/orthodose.com\\\/fr\\\/qualite\\\/#breadcrumb\",\"itemListElement\":[{\"@type\":\"ListItem\",\"position\":1,\"name\":\"Accueil\",\"item\":\"https:\\\/\\\/orthodose.com\\\/fr\\\/\"},{\"@type\":\"ListItem\",\"position\":2,\"name\":\"Qualit\u00e9\"}]},{\"@type\":\"WebSite\",\"@id\":\"https:\\\/\\\/orthodose.com\\\/fr\\\/#website\",\"url\":\"https:\\\/\\\/orthodose.com\\\/fr\\\/\",\"name\":\"Orthodose\",\"description\":\"L\u2019application Orthodose\u00ae propose aux m\u00e9decins g\u00e9n\u00e9ralistes et sp\u00e9cialistes une aide concr\u00e8te pour g\u00e9rer au mieux la douleur chez leur patient palliatif.\",\"alternateName\":\"Orthodose app\",\"potentialAction\":[{\"@type\":\"SearchAction\",\"target\":{\"@type\":\"EntryPoint\",\"urlTemplate\":\"https:\\\/\\\/orthodose.com\\\/fr\\\/?s={search_term_string}\"},\"query-input\":{\"@type\":\"PropertyValueSpecification\",\"valueRequired\":true,\"valueName\":\"search_term_string\"}}],\"inLanguage\":\"fr-FR\"}]}<\/script>\n<!-- \/ Yoast SEO plugin. -->","yoast_head_json":{"title":"Qualit\u00e9 - Orthodose","robots":{"index":"index","follow":"follow","max-snippet":"max-snippet:-1","max-image-preview":"max-image-preview:large","max-video-preview":"max-video-preview:-1"},"canonical":"https:\/\/orthodose.com\/fr\/qualite\/","og_locale":"fr_FR","og_type":"article","og_title":"Qualit\u00e9 - Orthodose","og_url":"https:\/\/orthodose.com\/fr\/qualite\/","og_site_name":"Orthodose","article_modified_time":"2025-12-24T13:57:44+00:00","og_image":[{"width":1600,"height":1960,"url":"https:\/\/orthodose.com\/app\/uploads\/orthodose-app-tool-for-healthcare-professionals.webp","type":"image\/webp"}],"twitter_card":"summary_large_image","schema":{"@context":"https:\/\/schema.org","@graph":[{"@type":"WebPage","@id":"https:\/\/orthodose.com\/fr\/qualite\/","url":"https:\/\/orthodose.com\/fr\/qualite\/","name":"Qualit\u00e9 - Orthodose","isPartOf":{"@id":"https:\/\/orthodose.com\/fr\/#website"},"datePublished":"2024-04-08T08:01:32+00:00","dateModified":"2025-12-24T13:57:44+00:00","breadcrumb":{"@id":"https:\/\/orthodose.com\/fr\/qualite\/#breadcrumb"},"inLanguage":"fr-FR","potentialAction":[{"@type":"ReadAction","target":["https:\/\/orthodose.com\/fr\/qualite\/"]}]},{"@type":"BreadcrumbList","@id":"https:\/\/orthodose.com\/fr\/qualite\/#breadcrumb","itemListElement":[{"@type":"ListItem","position":1,"name":"Accueil","item":"https:\/\/orthodose.com\/fr\/"},{"@type":"ListItem","position":2,"name":"Qualit\u00e9"}]},{"@type":"WebSite","@id":"https:\/\/orthodose.com\/fr\/#website","url":"https:\/\/orthodose.com\/fr\/","name":"Orthodose","description":"L\u2019application Orthodose\u00ae propose aux m\u00e9decins g\u00e9n\u00e9ralistes et sp\u00e9cialistes une aide concr\u00e8te pour g\u00e9rer au mieux la douleur chez leur patient palliatif.","alternateName":"Orthodose app","potentialAction":[{"@type":"SearchAction","target":{"@type":"EntryPoint","urlTemplate":"https:\/\/orthodose.com\/fr\/?s={search_term_string}"},"query-input":{"@type":"PropertyValueSpecification","valueRequired":true,"valueName":"search_term_string"}}],"inLanguage":"fr-FR"}]}},"_links":{"self":[{"href":"https:\/\/orthodose.com\/fr\/wp-json\/wp\/v2\/pages\/753","targetHints":{"allow":["GET"]}}],"collection":[{"href":"https:\/\/orthodose.com\/fr\/wp-json\/wp\/v2\/pages"}],"about":[{"href":"https:\/\/orthodose.com\/fr\/wp-json\/wp\/v2\/types\/page"}],"author":[{"embeddable":true,"href":"https:\/\/orthodose.com\/fr\/wp-json\/wp\/v2\/users\/7"}],"replies":[{"embeddable":true,"href":"https:\/\/orthodose.com\/fr\/wp-json\/wp\/v2\/comments?post=753"}],"version-history":[{"count":1,"href":"https:\/\/orthodose.com\/fr\/wp-json\/wp\/v2\/pages\/753\/revisions"}],"predecessor-version":[{"id":1014,"href":"https:\/\/orthodose.com\/fr\/wp-json\/wp\/v2\/pages\/753\/revisions\/1014"}],"wp:attachment":[{"href":"https:\/\/orthodose.com\/fr\/wp-json\/wp\/v2\/media?parent=753"}],"curies":[{"name":"wp","href":"https:\/\/api.w.org\/{rel}","templated":true}]}}