{"id":8,"date":"2022-06-01T06:44:09","date_gmt":"2022-06-01T04:44:09","guid":{"rendered":"http:\/\/orthodose.com\/?page_id=8"},"modified":"2024-07-01T22:09:44","modified_gmt":"2024-07-01T20:09:44","slug":"accueil","status":"publish","type":"page","link":"https:\/\/orthodose.com\/fr\/","title":{"rendered":"Accueil"},"content":{"rendered":"","protected":false},"excerpt":{"rendered":"","protected":false},"author":1,"featured_media":0,"parent":0,"menu_order":1,"comment_status":"closed","ping_status":"closed","template":"accueil.blade.php","meta":{"_acf_changed":false,"inline_featured_image":false,"footnotes":""},"class_list":["post-8","page","type-page","status-publish","hentry"],"acf":[],"yoast_head":"<!-- This site is optimized with the Yoast SEO plugin v27.5 - https:\/\/yoast.com\/product\/yoast-seo-wordpress\/ -->\n<title>Orthodose\u00ae - L&#039;application m\u00e9dicale innovante et performante pour les Pro de la sant\u00e9.<\/title>\n<meta name=\"description\" content=\"L\u2019application Orthodose\u00ae propose aux m\u00e9decins g\u00e9n\u00e9ralistes et sp\u00e9cialistes une aide concr\u00e8te pour g\u00e9rer au mieux la douleur chez leur patient palliatif.\" \/>\n<meta name=\"robots\" content=\"index, follow, max-snippet:-1, max-image-preview:large, max-video-preview:-1\" \/>\n<link rel=\"canonical\" href=\"https:\/\/orthodose.com\/fr\/\" \/>\n<meta property=\"og:locale\" content=\"fr_FR\" \/>\n<meta property=\"og:type\" content=\"article\" \/>\n<meta property=\"og:title\" content=\"Orthodose\u00ae - L&#039;application m\u00e9dicale innovante et performante pour les Pro de la sant\u00e9.\" \/>\n<meta property=\"og:description\" content=\"L\u2019application Orthodose\u00ae propose aux m\u00e9decins g\u00e9n\u00e9ralistes et sp\u00e9cialistes une aide concr\u00e8te pour g\u00e9rer au mieux la douleur chez leur patient palliatif.\" \/>\n<meta property=\"og:url\" content=\"https:\/\/orthodose.com\/fr\/\" \/>\n<meta property=\"og:site_name\" content=\"Orthodose\" \/>\n<meta property=\"article:modified_time\" content=\"2024-07-01T20:09:44+00:00\" \/>\n<meta property=\"og:image\" content=\"https:\/\/orthodose.com\/app\/uploads\/orthodose-app-tool-for-healthcare-professionals.webp\" \/>\n\t<meta property=\"og:image:width\" content=\"1600\" \/>\n\t<meta property=\"og:image:height\" content=\"1960\" \/>\n\t<meta property=\"og:image:type\" content=\"image\/webp\" \/>\n<meta name=\"twitter:card\" content=\"summary_large_image\" \/>\n<script type=\"application\/ld+json\" class=\"yoast-schema-graph\">{\"@context\":\"https:\\\/\\\/schema.org\",\"@graph\":[{\"@type\":\"WebPage\",\"@id\":\"https:\\\/\\\/orthodose.com\\\/fr\\\/\",\"url\":\"https:\\\/\\\/orthodose.com\\\/fr\\\/\",\"name\":\"Orthodose\u00ae - L'application m\u00e9dicale innovante et performante pour les Pro de la sant\u00e9.\",\"isPartOf\":{\"@id\":\"https:\\\/\\\/orthodose.com\\\/fr\\\/#website\"},\"datePublished\":\"2022-06-01T04:44:09+00:00\",\"dateModified\":\"2024-07-01T20:09:44+00:00\",\"description\":\"L\u2019application Orthodose\u00ae propose aux m\u00e9decins g\u00e9n\u00e9ralistes et sp\u00e9cialistes une aide concr\u00e8te pour g\u00e9rer au mieux la douleur chez leur patient palliatif.\",\"breadcrumb\":{\"@id\":\"https:\\\/\\\/orthodose.com\\\/fr\\\/#breadcrumb\"},\"inLanguage\":\"fr-FR\",\"potentialAction\":[{\"@type\":\"ReadAction\",\"target\":[\"https:\\\/\\\/orthodose.com\\\/fr\\\/\"]}]},{\"@type\":\"BreadcrumbList\",\"@id\":\"https:\\\/\\\/orthodose.com\\\/fr\\\/#breadcrumb\",\"itemListElement\":[{\"@type\":\"ListItem\",\"position\":1,\"name\":\"Accueil\",\"item\":\"https:\\\/\\\/orthodose.com\\\/fr\\\/\"},{\"@type\":\"ListItem\",\"position\":2,\"name\":\"Accueil\"}]},{\"@type\":\"WebSite\",\"@id\":\"https:\\\/\\\/orthodose.com\\\/fr\\\/#website\",\"url\":\"https:\\\/\\\/orthodose.com\\\/fr\\\/\",\"name\":\"Orthodose\",\"description\":\"L\u2019application Orthodose\u00ae propose aux m\u00e9decins g\u00e9n\u00e9ralistes et sp\u00e9cialistes une aide concr\u00e8te pour g\u00e9rer au mieux la douleur chez leur patient palliatif.\",\"alternateName\":\"Orthodose app\",\"potentialAction\":[{\"@type\":\"SearchAction\",\"target\":{\"@type\":\"EntryPoint\",\"urlTemplate\":\"https:\\\/\\\/orthodose.com\\\/fr\\\/?s={search_term_string}\"},\"query-input\":{\"@type\":\"PropertyValueSpecification\",\"valueRequired\":true,\"valueName\":\"search_term_string\"}}],\"inLanguage\":\"fr-FR\"}]}<\/script>\n<!-- \/ Yoast SEO plugin. -->","yoast_head_json":{"title":"Orthodose\u00ae - L'application m\u00e9dicale innovante et performante pour les Pro de la sant\u00e9.","description":"L\u2019application Orthodose\u00ae propose aux m\u00e9decins g\u00e9n\u00e9ralistes et sp\u00e9cialistes une aide concr\u00e8te pour g\u00e9rer au mieux la douleur chez leur patient palliatif.","robots":{"index":"index","follow":"follow","max-snippet":"max-snippet:-1","max-image-preview":"max-image-preview:large","max-video-preview":"max-video-preview:-1"},"canonical":"https:\/\/orthodose.com\/fr\/","og_locale":"fr_FR","og_type":"article","og_title":"Orthodose\u00ae - L'application m\u00e9dicale innovante et performante pour les Pro de la sant\u00e9.","og_description":"L\u2019application Orthodose\u00ae propose aux m\u00e9decins g\u00e9n\u00e9ralistes et sp\u00e9cialistes une aide concr\u00e8te pour g\u00e9rer au mieux la douleur chez leur patient palliatif.","og_url":"https:\/\/orthodose.com\/fr\/","og_site_name":"Orthodose","article_modified_time":"2024-07-01T20:09:44+00:00","og_image":[{"width":1600,"height":1960,"url":"https:\/\/orthodose.com\/app\/uploads\/orthodose-app-tool-for-healthcare-professionals.webp","type":"image\/webp"}],"twitter_card":"summary_large_image","schema":{"@context":"https:\/\/schema.org","@graph":[{"@type":"WebPage","@id":"https:\/\/orthodose.com\/fr\/","url":"https:\/\/orthodose.com\/fr\/","name":"Orthodose\u00ae - L'application m\u00e9dicale innovante et performante pour les Pro de la sant\u00e9.","isPartOf":{"@id":"https:\/\/orthodose.com\/fr\/#website"},"datePublished":"2022-06-01T04:44:09+00:00","dateModified":"2024-07-01T20:09:44+00:00","description":"L\u2019application Orthodose\u00ae propose aux m\u00e9decins g\u00e9n\u00e9ralistes et sp\u00e9cialistes une aide concr\u00e8te pour g\u00e9rer au mieux la douleur chez leur patient palliatif.","breadcrumb":{"@id":"https:\/\/orthodose.com\/fr\/#breadcrumb"},"inLanguage":"fr-FR","potentialAction":[{"@type":"ReadAction","target":["https:\/\/orthodose.com\/fr\/"]}]},{"@type":"BreadcrumbList","@id":"https:\/\/orthodose.com\/fr\/#breadcrumb","itemListElement":[{"@type":"ListItem","position":1,"name":"Accueil","item":"https:\/\/orthodose.com\/fr\/"},{"@type":"ListItem","position":2,"name":"Accueil"}]},{"@type":"WebSite","@id":"https:\/\/orthodose.com\/fr\/#website","url":"https:\/\/orthodose.com\/fr\/","name":"Orthodose","description":"L\u2019application Orthodose\u00ae propose aux m\u00e9decins g\u00e9n\u00e9ralistes et sp\u00e9cialistes une aide concr\u00e8te pour g\u00e9rer au mieux la douleur chez leur patient palliatif.","alternateName":"Orthodose app","potentialAction":[{"@type":"SearchAction","target":{"@type":"EntryPoint","urlTemplate":"https:\/\/orthodose.com\/fr\/?s={search_term_string}"},"query-input":{"@type":"PropertyValueSpecification","valueRequired":true,"valueName":"search_term_string"}}],"inLanguage":"fr-FR"}]}},"_links":{"self":[{"href":"https:\/\/orthodose.com\/fr\/wp-json\/wp\/v2\/pages\/8","targetHints":{"allow":["GET"]}}],"collection":[{"href":"https:\/\/orthodose.com\/fr\/wp-json\/wp\/v2\/pages"}],"about":[{"href":"https:\/\/orthodose.com\/fr\/wp-json\/wp\/v2\/types\/page"}],"author":[{"embeddable":true,"href":"https:\/\/orthodose.com\/fr\/wp-json\/wp\/v2\/users\/1"}],"replies":[{"embeddable":true,"href":"https:\/\/orthodose.com\/fr\/wp-json\/wp\/v2\/comments?post=8"}],"version-history":[{"count":0,"href":"https:\/\/orthodose.com\/fr\/wp-json\/wp\/v2\/pages\/8\/revisions"}],"wp:attachment":[{"href":"https:\/\/orthodose.com\/fr\/wp-json\/wp\/v2\/media?parent=8"}],"curies":[{"name":"wp","href":"https:\/\/api.w.org\/{rel}","templated":true}]}}